{"id":2,"date":"2017-11-17T09:02:03","date_gmt":"2017-11-17T09:02:03","guid":{"rendered":"http:\/\/www.techsalesconsulting.fi\/?page_id=2"},"modified":"2024-09-18T08:15:02","modified_gmt":"2024-09-18T08:15:02","slug":"about","status":"publish","type":"page","link":"https:\/\/www.techsalesconsulting.fi\/","title":{"rendered":"Tietoa meist\u00e4"},"content":{"rendered":"\n<p>Suunnittelemme tuuli-, aurinko- ja akkuj\u00e4rjestelm\u00e4t yli 20:nen vuoden kokemuksella.<\/p>\n\n\n\n<p>Haluatko v\u00e4ltt\u00e4\u00e4 kalliin liittym\u00e4maksun vapaa-ajan asunnollasi tai eroon caruista siirtomaksuista?<\/p>\n\n\n\n<p>Onko suunnitelmissasi pienent\u00e4\u00e4 s\u00e4hk\u00f6laskua teollisuus- tai asuinrakennuskohteessa?<\/p>\n","protected":false},"excerpt":{"rendered":"<p>Suunnittelemme tuuli-, aurinko- ja akkuj\u00e4rjestelm\u00e4t yli 20:nen vuoden kokemuksella. Haluatko v\u00e4ltt\u00e4\u00e4 kalliin liittym\u00e4maksun vapaa-ajan asunnollasi tai eroon caruista siirtomaksuista? Onko suunnitelmissasi pienent\u00e4\u00e4 s\u00e4hk\u00f6laskua teollisuus- tai asuinrakennuskohteessa?<\/p>\n","protected":false},"author":1,"featured_media":0,"parent":0,"menu_order":0,"comment_status":"closed","ping_status":"closed","template":"","meta":{"footnotes":""},"class_list":["post-2","page","type-page","status-publish","hentry"],"_links":{"self":[{"href":"https:\/\/www.techsalesconsulting.fi\/index.php?rest_route=\/wp\/v2\/pages\/2"}],"collection":[{"href":"https:\/\/www.techsalesconsulting.fi\/index.php?rest_route=\/wp\/v2\/pages"}],"about":[{"href":"https:\/\/www.techsalesconsulting.fi\/index.php?rest_route=\/wp\/v2\/types\/page"}],"author":[{"embeddable":true,"href":"https:\/\/www.techsalesconsulting.fi\/index.php?rest_route=\/wp\/v2\/users\/1"}],"replies":[{"embeddable":true,"href":"https:\/\/www.techsalesconsulting.fi\/index.php?rest_route=%2Fwp%2Fv2%2Fcomments&post=2"}],"version-history":[{"count":3,"href":"https:\/\/www.techsalesconsulting.fi\/index.php?rest_route=\/wp\/v2\/pages\/2\/revisions"}],"predecessor-version":[{"id":116,"href":"https:\/\/www.techsalesconsulting.fi\/index.php?rest_route=\/wp\/v2\/pages\/2\/revisions\/116"}],"wp:attachment":[{"href":"https:\/\/www.techsalesconsulting.fi\/index.php?rest_route=%2Fwp%2Fv2%2Fmedia&parent=2"}],"curies":[{"name":"wp","href":"https:\/\/api.w.org\/{rel}","templated":true}]}}