{"id":31,"date":"2023-05-19T12:46:31","date_gmt":"2023-05-19T12:46:31","guid":{"rendered":"http:\/\/www.techsalesconsulting.fi\/?page_id=31"},"modified":"2024-09-18T09:38:31","modified_gmt":"2024-09-18T09:38:31","slug":"studer-tuotteet","status":"publish","type":"page","link":"https:\/\/www.techsalesconsulting.fi\/?page_id=31","title":{"rendered":"Studer-tuotteet"},"content":{"rendered":"\n<p>Edustamme Studer-Innotecin tuotteita Suomessa. <\/p>\n\n\n\n<p>Sveitsil\u00e4inen Studer-Innotec on valmistanut aurinkos\u00e4hk\u00f6\u00f6n ja akkuihin liitttyvi\u00e4 tuotteita jo kolmen vuosikymmenen ajan. Kaikki tuotteet suunnitellaan ja valmistetaan heid\u00e4n omalla tehtaalla Sveitsin Sionissa.<\/p>\n\n\n\n<p>Next3 edustaa uusinta teknologiaa aurinkos\u00e4hk\u00f6n saralla. Unohda kasa MPPT-akkulatureita, toinen mokoma inverttereit\u00e4 eli vaihtosuuntaajia ja laturi s\u00e4hk\u00f6verkosta tai aggregaatista.<\/p>\n\n\n\n<p>Studerin uutuudessa on kaikki n\u00e4m\u00e4 sis\u00e4\u00e4nrakennettuna yksiss\u00e4 kompakteissa kuorissa!<\/p>\n\n\n\n<figure class=\"wp-block-gallery has-nested-images columns-default is-cropped wp-block-gallery-1 is-layout-flex wp-block-gallery-is-layout-flex\">\n<figure class=\"wp-block-image size-large\"><a href=\"http:\/\/www.techsalesconsulting.fi\/wp-content\/uploads\/2023\/05\/produit-next3.png\"><img decoding=\"async\" data-id=\"83\" src=\"http:\/\/www.techsalesconsulting.fi\/wp-content\/uploads\/2023\/05\/produit-next3-1024x588.png\" alt=\"\" class=\"wp-image-83\"\/><\/a><\/figure>\n<figcaption class=\"blocks-gallery-caption wp-element-caption\">Next3<\/figcaption><\/figure>\n\n\n\n<div class=\"wp-block-buttons is-content-justification-center is-layout-flex wp-container-core-buttons-is-layout-1 wp-block-buttons-is-layout-flex\">\n<div class=\"wp-block-button\"><a class=\"wp-block-button__link wp-element-button\" href=\"https:\/\/studer-innotec.com\/next3\/\" target=\"_blank\" rel=\"noreferrer noopener\">Tarkat tekniset tiedot valmistajan kotisivuilta (EN)<\/a><\/div>\n<\/div>\n","protected":false},"excerpt":{"rendered":"<p>Edustamme Studer-Innotecin tuotteita Suomessa. Sveitsil\u00e4inen Studer-Innotec on valmistanut aurinkos\u00e4hk\u00f6\u00f6n ja akkuihin liitttyvi\u00e4 tuotteita jo kolmen vuosikymmenen ajan. Kaikki tuotteet suunnitellaan ja valmistetaan heid\u00e4n omalla tehtaalla Sveitsin Sionissa. Next3 edustaa uusinta teknologiaa aurinkos\u00e4hk\u00f6n saralla. Unohda kasa MPPT-akkulatureita, toinen mokoma inverttereit\u00e4 eli vaihtosuuntaajia ja laturi s\u00e4hk\u00f6verkosta tai aggregaatista. Studerin uutuudessa on kaikki n\u00e4m\u00e4 sis\u00e4\u00e4nrakennettuna yksiss\u00e4 kompakteissa kuorissa!<\/p>\n","protected":false},"author":1,"featured_media":0,"parent":0,"menu_order":0,"comment_status":"closed","ping_status":"closed","template":"","meta":{"footnotes":""},"class_list":["post-31","page","type-page","status-publish","hentry"],"_links":{"self":[{"href":"https:\/\/www.techsalesconsulting.fi\/index.php?rest_route=\/wp\/v2\/pages\/31"}],"collection":[{"href":"https:\/\/www.techsalesconsulting.fi\/index.php?rest_route=\/wp\/v2\/pages"}],"about":[{"href":"https:\/\/www.techsalesconsulting.fi\/index.php?rest_route=\/wp\/v2\/types\/page"}],"author":[{"embeddable":true,"href":"https:\/\/www.techsalesconsulting.fi\/index.php?rest_route=\/wp\/v2\/users\/1"}],"replies":[{"embeddable":true,"href":"https:\/\/www.techsalesconsulting.fi\/index.php?rest_route=%2Fwp%2Fv2%2Fcomments&post=31"}],"version-history":[{"count":11,"href":"https:\/\/www.techsalesconsulting.fi\/index.php?rest_route=\/wp\/v2\/pages\/31\/revisions"}],"predecessor-version":[{"id":121,"href":"https:\/\/www.techsalesconsulting.fi\/index.php?rest_route=\/wp\/v2\/pages\/31\/revisions\/121"}],"wp:attachment":[{"href":"https:\/\/www.techsalesconsulting.fi\/index.php?rest_route=%2Fwp%2Fv2%2Fmedia&parent=31"}],"curies":[{"name":"wp","href":"https:\/\/api.w.org\/{rel}","templated":true}]}}