{"id":54,"date":"2023-05-19T13:04:54","date_gmt":"2023-05-19T13:04:54","guid":{"rendered":"http:\/\/www.techsalesconsulting.fi\/?page_id=54"},"modified":"2023-05-19T18:19:46","modified_gmt":"2023-05-19T18:19:46","slug":"tk-hankeen-tuet","status":"publish","type":"page","link":"https:\/\/www.techsalesconsulting.fi\/?page_id=54","title":{"rendered":"T&#038;K hankeen tuet"},"content":{"rendered":"\n<p>Osakeyhti\u00f6-muotoisille yrityksille on saatavilla useita erilaisia tukimuotoja yhteiskunnan puolelta. Osa on puhtaasti tukimuotoista rahoitusta, mit\u00e4 ei tarvitse maksaa takaisin, osa on osan projektin tukemista rahallisesti ja osa lainamuotoisia.<\/p>\n\n\n\n<p>Innovaatiosetelin avulla p\u00e4\u00e4see helpoiten liikkeelle sparraamalla idean kaupallista potentiaalia ulkopuolisen tahon kanssa. T\u00e4llaisista hankkeista TSC:ll\u00e4 on kokemusta, joiden avulla keksint\u00f6 on liikahtanut merkitt\u00e4v\u00e4sti eteenp\u00e4in jatkorahoituksia ajatellen. Innoavaatiosetelin suuruus vuonna 2023 on 5000 \u20ac alv 0%, mik\u00e4 on 100 % tukea.  Lis\u00e4tietoja saa t\u00e4st\u00e4 palvelusta ottamalla yhteytt\u00e4. <\/p>\n","protected":false},"excerpt":{"rendered":"<p>Osakeyhti\u00f6-muotoisille yrityksille on saatavilla useita erilaisia tukimuotoja yhteiskunnan puolelta. Osa on puhtaasti tukimuotoista rahoitusta, mit\u00e4 ei tarvitse maksaa takaisin, osa on osan projektin tukemista rahallisesti ja osa lainamuotoisia. Innovaatiosetelin avulla p\u00e4\u00e4see helpoiten liikkeelle sparraamalla idean kaupallista potentiaalia ulkopuolisen tahon kanssa. T\u00e4llaisista hankkeista TSC:ll\u00e4 on kokemusta, joiden avulla keksint\u00f6 on liikahtanut merkitt\u00e4v\u00e4sti eteenp\u00e4in jatkorahoituksia ajatellen. Innoavaatiosetelin &hellip; <\/p>\n<p class=\"link-more\"><a href=\"https:\/\/www.techsalesconsulting.fi\/?page_id=54\" class=\"more-link\">Jatka lukemista<span class=\"screen-reader-text\"> &#8221;T&#038;K hankeen tuet&#8221;<\/span><\/a><\/p>\n","protected":false},"author":1,"featured_media":0,"parent":0,"menu_order":0,"comment_status":"closed","ping_status":"closed","template":"","meta":{"footnotes":""},"class_list":["post-54","page","type-page","status-publish","hentry"],"_links":{"self":[{"href":"https:\/\/www.techsalesconsulting.fi\/index.php?rest_route=\/wp\/v2\/pages\/54"}],"collection":[{"href":"https:\/\/www.techsalesconsulting.fi\/index.php?rest_route=\/wp\/v2\/pages"}],"about":[{"href":"https:\/\/www.techsalesconsulting.fi\/index.php?rest_route=\/wp\/v2\/types\/page"}],"author":[{"embeddable":true,"href":"https:\/\/www.techsalesconsulting.fi\/index.php?rest_route=\/wp\/v2\/users\/1"}],"replies":[{"embeddable":true,"href":"https:\/\/www.techsalesconsulting.fi\/index.php?rest_route=%2Fwp%2Fv2%2Fcomments&post=54"}],"version-history":[{"count":3,"href":"https:\/\/www.techsalesconsulting.fi\/index.php?rest_route=\/wp\/v2\/pages\/54\/revisions"}],"predecessor-version":[{"id":111,"href":"https:\/\/www.techsalesconsulting.fi\/index.php?rest_route=\/wp\/v2\/pages\/54\/revisions\/111"}],"wp:attachment":[{"href":"https:\/\/www.techsalesconsulting.fi\/index.php?rest_route=%2Fwp%2Fv2%2Fmedia&parent=54"}],"curies":[{"name":"wp","href":"https:\/\/api.w.org\/{rel}","templated":true}]}}